{"id":68,"date":"2024-02-07T20:59:12","date_gmt":"2024-02-07T19:59:12","guid":{"rendered":"http:\/\/euler.matf.bg.ac.rs\/matfusion2\/kontakt\/"},"modified":"2024-04-01T16:54:08","modified_gmt":"2024-04-01T14:54:08","slug":"kontakt","status":"publish","type":"page","link":"https:\/\/matfusion.matf.bg.ac.rs\/en\/kontakt\/","title":{"rendered":"CONTACT US"},"content":{"rendered":"<div class=\"\" style=\"\" >\n    \n    <section class=\"u-align-center u-clearfix u-palette-1-base u-section-2\" id=\"carousel_310f\">\n      <div class=\"u-clearfix u-sheet u-valign-bottom-lg u-valign-bottom-md u-valign-bottom-sm u-valign-bottom-xs u-sheet-1\">\n        <h2 class=\"u-custom-font u-font-montserrat u-text u-text-1\">INFORMATIONS <\/h2>\n        <p class=\"u-custom-font u-font-montserrat u-text u-text-2\"> Should you have any questions, commendations, complaints or suggestions, wether you are a company or a individual, please do not hesitate to contact us!<\/p>\n        <div class=\"u-align-left u-container-align-left u-container-style u-expanded-width-sm u-expanded-width-xs u-group u-white u-group-1\">\n          <div class=\"u-container-layout u-valign-middle u-container-layout-1\">\n            <h2 class=\"u-align-left u-text u-text-3\">Leave us a message<br>\n            <\/h2>\n            <div class=\"u-align-left u-expanded-width u-form u-form-1\">\n              <form action=\"https:\/\/forms.nicepagesrv.com\/v2\/form\/process\" class=\"u-clearfix u-form-spacing-28 u-form-vertical u-inner-form\" style=\"padding: 0px;\" source=\"email\" name=\"form\">\n                <div class=\"u-form-group u-form-name\">\n                  <label for=\"name-5a14\" class=\"u-form-control-hidden u-label\" wfd-invisible=\"true\">Name<\/label>\n                  <input type=\"text\" placeholder=\"Your Name\" id=\"name-5a14\" name=\"name\" class=\"u-border-2 u-border-black u-border-no-left u-border-no-right u-border-no-top u-input u-input-rectangle\" required=\"\">\n                <\/div>\n                <div class=\"u-form-email u-form-group\">\n                  <label for=\"email-5a14\" class=\"u-form-control-hidden u-label\" wfd-invisible=\"true\">Email<\/label>\n                  <input type=\"email\" placeholder=\"Email address\" id=\"email-5a14\" name=\"email\" class=\"u-border-2 u-border-black u-border-no-left u-border-no-right u-border-no-top u-input u-input-rectangle\" required=\"\">\n                <\/div>\n                <div class=\"u-form-group u-form-message\">\n                  <label for=\"message-5a14\" class=\"u-form-control-hidden u-label\" wfd-invisible=\"true\">Message<\/label>\n                  <textarea placeholder=\"Message\" rows=\"4\" cols=\"50\" id=\"message-5a14\" name=\"message\" class=\"u-border-2 u-border-black u-border-no-left u-border-no-right u-border-no-top u-input u-input-rectangle\" required=\"\"><\/textarea>\n                <\/div>\n                <div class=\"u-align-left u-form-group u-form-submit\">\n                  <a href=\"#\" class=\"u-btn u-btn-submit u-button-style u-hover-palette-1-dark-1 u-palette-1-base u-btn-1\">Submit<\/a>\n                  <input type=\"submit\" value=\"submit\" class=\"u-form-control-hidden\" wfd-invisible=\"true\">\n                <\/div>\n                <div class=\"u-form-send-message u-form-send-success\" wfd-invisible=\"true\">Hvala! Va\u0161a poruka je prosle\u0111ena!<\/div>\n                <div class=\"u-form-send-error u-form-send-message\" wfd-invisible=\"true\">Poruka nije poslata. Popravite gre\u0161ke koje su nastale prilikom unosa: proverite ispravnost mejl adrese i drugo.<\/div>\n                <input type=\"hidden\" value=\"\" name=\"recaptchaResponse\" wfd-invisible=\"true\">\n                <input type=\"hidden\" name=\"formServices\" value=\"e8a01f06-4973-b62f-e67a-309a18faec92\">\n              <\/form>\n            <\/div>\n          <\/div>\n        <\/div>\n        <div class=\"u-expanded-width-xs u-list u-list-1\">\n          <div class=\"u-repeater u-repeater-1\">\n            <div class=\"u-container-align-left u-container-style u-list-item u-palette-5-dark-3 u-repeater-item u-list-item-1\">\n              <div class=\"u-container-layout u-similar-container u-valign-middle u-container-layout-2\">\n                <h5 class=\"u-align-left u-text u-text-4\"><span class=\"u-file-icon u-icon u-text-palette-1-base u-icon-1\"><img decoding=\"async\" src=\"data:image\/png;base64,iVBORw0KGgoAAAANSUhEUgAAAIAAAACACAYAAADDPmHLAAAd+klEQVR4Xu1dCXhU1fW\/973JwpKgVpAdtFVBUCDJTMAuaF2ysKux1RZaa4tVASFbbastWm1rNhYVSu1ii9UKKIiQpVqtX62SmYQQFQWXWhYBUYpJgGzz3vv\/7sxgMZ373n3bzIR\/55MvMXOXc84999xzzzn3HEpO48+c8uZB7bT7Ak1Th0qEDtWIOpRo7Kc2lOL\/CX5q+AX\/HQAZDmj4R\/EPfzlAqXZApfKBFCn57c2LL\/7wdCUT8D29PjOrGr\/QpahzsMizgdkUomGJ7XzACWAUv0TIRi1J2lS72LvbznCJ1tcecRIEm2kVjZmKqrAFZws\/zmWw3qKUbiKUbKwp8jbgdzBI7\/30Wgb49u\/fTz340ceLCNUWYJePiMcS4Oz4QKPSqnRp8LL1hSPa4wGD3Tl7HQNoEOl5FYFvaBq5H6J5pF0CONGfMQJ0jLt9xd4\/LKVUdWLMWI3Rqxggt9J\/BVFJOZhgUqwIZGYeKJOvQ1corS711ZrpF8+2vYIB8qsaLlYUtQyiPjeexBKdG3rB85JGSsAIO0T7xKtdwjNAboX\/Luz6e6DcYXPZ\/FB6HEyEqx679mm49oWuf9DnNFwJw9dDXAFxVdT62ZwJw1EG8H3Vxd6fJrKimLAMUFC1r09r8ODvsVBfs7IYWOQurOyLWImNSZS+FEwecKBm0fmtImPlrXwnnXS1DddI8DJNJbMxzmVgiiSRvj3bQD\/YkCYPnZeoSmJCMsD0qh3DupXOZ4hGMk0RnZJjuJTVEEnamJZGq9ffktViqj+n8exlTWd0BLun477Hrpq5piUEJY0pqUkzNy\/MCEmcRPokHANMrwr4goq2CYreEFFCAYn92Ol309Qzn8Au7xTtZ6Vd6Pp55PA3iUrvYZZE8THoAdmjzaouzG4Q7+N+y4RigLwK\/zdUVfsN0E4VQ522SFT7xTlnD1rx6E3ndoj1cabVjDUNfbvb1EKiaqWQDGkio+I4aIdU+1ZtafZ6kfaxaJMwDJBTUf99KHurRZBm5zsMvKv69tHu27gg+4hIH7fa5K3cPlDrCv4Udon5QnoCUw4l+l1YEX\/nFkxmxk0IBsir8k9VFfKcCAGx+A1yEv3a1iXef5pB1O2201c0nd\/d1bUeO3yC0VwhBVWSrqgtznrZqK3b38edAXKXNY0mwe4AzvyzjZGlT6Z7htyUqBr13PLmfh+RzrXAZY4hLpQcTk6Wvc\/ekbXXsK2LDeLKAGGCdbwC8XmJLo5MbFKytKbYd6+LtHBkaGaqzi\/33wd78I8MB6R0R3K69MVnb8k6YdjWpQZxY4CITX8Dfl6jhxvE5Qkq0W\/VFHs3uEQDV4bNL6+\/UdHIbw0VWkqfqi32FsTLWBQ3BsgtD0BxUpfqU5+2eCT5iq3FmY2urJLLg+ZVNk5W1SB0G9Jfl8mptLS2xItrZew\/cWGAvPLGr6pEeV4vWAM7XyUynVFb5K2OPVmcmzG3vB4xCvQp3cAUHHEypTkwGz\/n3MxiI8WcASKiv9HIo0epVIpdUS6GRmK3yin33w0G0NdfKGmeUuzLiLU7OeYMkFsRuEFT1cf1RSJ9rLbENzexl1UcuhDTl\/ufhMGowADvucD7MfGR7beMKQMUrNuZ3Lrn2C6ciefyQaf+IQMHTo21Zc8+KfVHYJbDrlb1H5AEE3ktsRj\/Shvd\/8L114\/rchuek+PHlAFyy\/2LsBtW6BDgaHKfpPFuO00K1mly6weNgzwKiwwmJChrB9KHZR5efz1V3CT8jBUNI7s7lTd0TccSXVxX7OPSyGn4YsYAM3+7K63rSOt78LkP5CGBu\/6dNSXZDziNJJu789+teVTTZkMhmwqkB\/eML2BKJxbmEGIDXtIQ9JlyVnrN5pvHtDkNi5E+gOvgxzTlzM+Luq7twhczBsAZeK+qaXdzdz\/i6uA3P99JK9+0ZYHzlG71PgRnXAPJk2KGWFiITojrp+Uk6S4nzc4Ra+G7gGcwXxLS+2pLfVxamcHDqG1MGCCyAw\/q+dElSufXlPgeMQJY5Ps5D9V\/ruMEvRs7+lbs9GSRPjqL0QUirU7tq\/3MKceToeMLkUuQQEPckEA98YwJA0DsXY\/Ff1KHyLvTRnvHOXEG55c3ZKtE3WgmnkCEQSARDkpEmlNdklUv0l6vzdIXNc+2hsBOwHgBtx2lX6sr8a2zO5dR\/1gxwJ\/AADfygJGJdF11qfcpI2CNvs+pCMzFOf+IWXFvNO6nGjOOBegH36sr9q4V7cNrh9D261RV5ccFUPo4GOAbducx6u86A8xf05C0p1U9DAY4IxowUL5247wbYwSo0fewLyyBfaHKqJ0T31NJKoT9fpndsXLL\/LtwRF0YdRxKPxmVLg369S1Z3Xbn0evvOgPklAeuJJrKNXHC0fPL2mLfD+0gid2Up6naFkcihwUAYTcGwD0dDqoagebcJoh4\/gXgvpN\/DEhX1ZV4n7czh1HfGDBA\/YMw\/CzgASLJnik1RZnbjADlfZ+7PHCh1qXhXNYGiIyBsKxWvBBugoLYgEUMOZmwCJn4OwJQtQy4ptNFxkEMYgtNptl2HouGnEVK8FU+A5CH6kqyF4rBY62V+wxQ5t\/De8IFxeoQdtFQO67QnPL6bWCwbAH035ERirW1yPt33nzMZDutMvBlJRyXeL7hmJTUY4EmG7bjNIj4RQ7wr4R0b12pb5TV8UX6ucoAeZWBSaqibudzOH0Eis58EUCjtTG6XYT6wNOG3b0qKU0qFQ28iAR8lkEa3Gb4vNymtg4cfo05vseXkFIG4gebrNLIqJ+rDJBT4b8DUbPL+QwgT68rydpqBGS075lfoW3P8Texez7P68+CSbD6s6yeo0x\/wa3iGegWfblzUPpe2qh+F1m13+eUN0wjmrKFSwOXTcOuMgB84WwXlXCQ6xgycNCZVp0+7MpHVPWP+swjLagr9T5shcFO9skpC9xOiPqQ7hiSNM\/q1TD8zP3wUYwfNRQe0qu8tiS71A4Oen3dZYAy\/2PYPby77Dt1pdl8Q4gBxnAsPa0XfMkeaEK\/uNqOfsFAiJzTf8HPK3WkwEa4cXVD2\/TQySmrfxvfR9U5IMX+hGvyN3slAwCxFwD45dGAB2IvAbHLrCDG3g22BQ9+zBfNtCVVJhc\/U+TbZ2X8nn1mVfpHdCjkdd5Ngx01aZ4hZ1v1Y8Ae8DfgMpUD64vYKF91Ao\/o6+DWyBhXz9AB0fMEXshwrYN6YOVX1k9XFPIsf0dKVYgmKnISNcQwViKGsZA3piyTGdVF2fyzXAeY3LL6x3EtvYGzURwxlHFp5SSReo4FxFp5vm+EfFleJDwhK8ITsgouUpJ0Iyx1TziJm1EkE177FCNsvdLKnHrMhY3Sho0iaJswP7trOkDBwzv7tx4\/xvWnu0UwRgLsxguxG9m56tgHUucCSB1uhjA3GTq9X\/+09bePO+YYMqcM5BoDGBLMxi7VFZmw9GEnnmFX+etJ7LAy6P+EZym0c6QZSRc3GPokfq4xwLRK\/6V45v0P7pkpSVdbDYPG9bIOC3F11LHxFh\/WuSw3dgusjg28nAW4rv0F17UcK\/PmVwSuUlT1L7y+Hpl+cWuR7xUrYxv1cY0Bcqr840hQe4PLADZcwKebBDB0DXvo+LpC306jxbTyvWsMMHP56+d0dp04pKOpfx+a+horQAto5L1KBzCKEEpJ7jvYrXS1rjEAi3p5NeDn+rIRAHoXAkCR68\/857S7BSARFjySP4t+pFFtSpY3eenlNGieUsY9XGMANjUcHUd5gSBw0iyHI2iJMYj\/3eJ0swPklfmXq0S7g8MAn4BOZ1qhk0gflxmg\/h0oTV\/gIGY55On0swTyDUHIUPYulFpj17TIakdp4yoDQFl7FYag6P5ySneBs8dahJucTr4AXYsppa\/Cz3CpVToZ9XOVAQx93alJg2oWZXxkBGS0708Xb+CMioazu1SFSwNcL9fgevl9KzQS6eMqA+SVBeYhRPsP3JuARK9FPODTIoD2bHO6xAPkVgZmaor6DP+2RF19MOoqA7CXOcFu9T3uAttQBCNKpu57g9C8CR4RlFdR\/4CqEq6\/P5mmnvdsyYT3rWwSkT6uMkBokcr8H\/ASKsKNuh0uYXPZQHtg1ZtjAhkqunoSchkjJnCYyEJabeM6A0BZexJ29Ot5ACZL8thni7N2WUWgN0cFh1PLde\/mxR3Cn7EOCqClXMmi9HSdAfLK6hciY9ZKHkAotLCiptS3WBTgaO1667sASEe4tDVu3AKyjS+qKc1+0A5tjPq6zgAhPSCovcvlckKOpnmGDrMaTXMSwd72MggZyVPUjqPsePxctEVij0+SUqRz3c4j6DoDRJS1Gr1iD0D2JugCjxpxq9H3vettYCgvsk46GLoF5\/8MI5ztfh8TBhC46gRw1vnsIsP694bXwRHlmL1m4uNMrYfMm6FjTBgglJJlT+B9vepeiBD6JgI5\/mQGeF7bRM8PYGQfwd1175QS77mxyBgWEwYIXXf0PF7hlfywT1LymE1LJn3iBBOwMRIxQ0jBmoYBrS0KCy07h6sY2\/CUmqVdzBggv8w\/WKFkr25GcEpXwz9wm1kkjNonUo4gXc8fQ4TSblkjI1FwihtLYYSvme9jxgBhZVD\/pTDTfD0eOmVLoddvBgmzbeOVJYxVP1MVpQnhbDIPZtz9K6AP8V5TmUXVsH1MGYCJv7ZWdZdugiRKm9JGeb1OpIsxxD6GDZZqmrStIvAycJ\/CX3wkyurbf4xbEcDR5o0pA4R1AeNMoXZCxmO4pqamyisPLFA1VdeoI8n06zVFPm4uJVMTCjaOOQOEmKDM\/zyeQl3B3Ql4apVEU8a76QQRpI8jzfJWNg\/XOjre1EsQCbfvC3D7cmniCCBRBokPAyCrB+nSXtNL4WYnzNotYlkdF\/6QzRD9fKMOFD+JeibWFGe8aXUOq\/3iwgARKfAzMMBdeoBDIXLVF26VaGb6iSWxkB5ADgN+riAzE5psGzcGYLZwrfPoa3q58lja1CQqMW\/hxybxSojm01a9dmbwWPtbAIZ75weO76XJQy626wuxinDcGIABHKkW9qJu4QhK1uJsnGcVwXj2wwum3+DKd7OulJPplbVFvr\/GC864MkDkKHgER8F39QggETmnpjSL+3QqXsTTm3daZcPlQUVh+RG4H2QpexQhcTfFE\/64M0CkLu9berYBhEa\/n5wujxdN8hRPgrK5I2lfXsOv\/HBulI1Ll\/uPXV847t\/xhDfuDBCWAvUFuCIZ5MWllXCPFseTWKJzQ+v\/ORhaN\/klnpPfgKdxfxYd0612CcEAkaOAZeOayUMU10JFpp7sRK8gNr1y+4RupZsViPZwcSGkGkkfprm1qGbGTRgGEDOW0KbJWV6fW+\/kzBAuWtuIuXcbdr+Xf\/CTY6gYOs7tSB9RXBKGARjAIinZErmaGMy9i2Hu1U0ijWvfHXD2cGMkRRfOqXYJxQCCDpN22SONd7KKhxPEzK\/YPkrRgjv1imJAma1HabhLYxHoIYpTQjFASAqwxBIKadKLG2A5ALGLrhJFMhbtYPHTjXsM+fllKbO6MAvp5hLnk3AMwEhjVF+ItaES+XZtcTb32VksSRypE6wfzkal+2Hu1TV9xxLmk3MlJgMwM3HH0WZuMYUQ9PSIlOoZa\/VxqVPEZvGH7SfoW3rV0CCx3h589sAJVtPiOgVrtHESkgHCR0Hjl4mivGRQc9dyjgGniIoopz8gBwLfVI23iZJMLq8p9L3k1JxOjpOwDMCQRNzAGuws3XTykiTl263cYZWgRtm9woLKXkp8q7CJ9ktoBoiEkDEz8RAeQjAQ7RlIUsetLZlwXBRpJ9qFagq0qK+DQc\/jw0YPpXqSxjoZ6ewE7KeOkdAMwADNLwtcqxB1gy7iNp+ZWyEqzL3lYExd0zSkUwGkkz7sViZ3sE\/CM0DoKCiv3wS36izuTkM0MZHIZHjWAg7ShjtUzrKGDBpU\/PrRveQZuLFnxwIeO3P0CgaYXrVjWFDpRHUQnYJOlDRPyfJluW0mZiHlbXsCAez+STrHUqtHTrloS+FEPP5M7E\/CMwCrO\/hBG71EUYP3wmOYr0dOvCv4IR6Z\/tJNkiNJZQnSxpfpw0GqZcnzk2Fp2mtu1\/2zi2tCMQBLyDyzsvHCLgJniqayh5NeLOpEE5VAO1I8nos3F2a+a5cw0fqHnpoF1TcgifqIjM8KUENJ3IG2AViu\/MmEBjYXZe52OpG1CCz849NOb5t9WTrZru4Tl+Kq5CMq8WKHI8mzWP0\/naldq7ABxe85vdIxYuRAvUHULITOEoCNw5+c1PcVt9LAisATcwnAbP1UITOxM6DUYeGx60UANdNGkqWbUWrtd2b6GLXNraj\/lqaSR43amf4ehiIwvR+S7hlNJpvdSgodVwmAl8FelI+7ATt9pl6ZN9PE43QARx1NTu471qmdlbdy+0C1I4jo3ujZPJyCm43DooSxKTYTiT4Ri1uN47vvJDFChpJW7QaNqLfycuw7Sbj\/Hos+iRCyrzsxh156eifG546B2geUSKuT0ukTbsVDOs4AyHw5pltTb4Vcm8dNFO0q1U4Z3IEsGywBFcq8V8cK5KjzoJI4FuqPeCOx2k5GtWhjO8YAMx\/cPrSrM3g\/lLl5rlbxpuTfrOQ8GGwXgM\/VMxNDnu5L74uqnhbr7cwtb+73EenYCa2fW78XIvsgYKkFLGNC3kuNnOUWs7Dn81Ae\/5ic4vnx5oUZB5yYxzYDRIhUgorcJXolVs0DS49QotVrhL5FJG0XkTy7JQ\/ddar7FxbCOVgc3VSzVJIeRAWxRebnR1yCXhr3yIDwRVwDi9\/Gk+OH9IWgNoaowQuJSscAh7HAAcWtndMfWJ1CQrVy+EDK7fpAbDFAOGGzBsOLNtQKgU\/tA6T+qVHtZeQNfFnyyC9vWZyxS+S+bJg1HLtGotKl1SVZSMok\/pleFfAhvR2ynWtI1xf9A\/iEKoYy+8b05dvHqEHlS6gL8CWUs\/6SnhNJHEp6AMrinVbL1oaUTvHJ\/tMyVA2kIbASZ\/ytVvpH+nRg99QBhA2aR\/pr3ZKsg1bGYkdPZ3sQr2p17AeUvjEqXcoQtcox6+PeVqUB0uUSPky0JaWP5yKrohj+hCE0qOI5uHYd5mHFpqLWDhaiCVLroKrIIitmcNMMUFC186w25dh6AG2+nCmlx1GNuxoVvTfgbK62ejb3JArMs7fAPPsrPWKZKVEDyfYjFKbWLWeD6GTLNY96whmqsXjieD5ocx1ok68bWMqVRuSFNLl\/gdmXRqYYYNqyxrFKUHnW7F0eO\/1NmHseHKSlrrV7ZkXDP1TTr9z\/EpSxL+uI605J0i4xKigZyt\/b2cWedXF3JIj295oS31SRI0poB5\/SiOlUh2nHXJiHFmKTXWSmP7MhyB55xtYlmexFstBHmAHCT507UAZO7LwPaayUbIUCtBLBkM8LQWOjUeT6uUPPb8AKVteUeC\/nLVykUvgL+HmZHiPhOjbR6etYtPlyygNXQolchJvFNPGbFT3g6Z86futtl7CS9IYfYQaAsrUWhBEqYw4CvypTeWGsn3EhNPtuiM979Y8COh+795GoBK+o\/y6usVG\/+7Q9pT9BKrvoFb4MyW2twbSKxkxFUx7USzB16sig\/2MIm58rMpsQA4ATZ8E7t8loQEx8CBruD6Bxr3VDPBrNH1LeWtQm7JZx3LYwqiAP39ieefgieQzf0jNeQYLsHDlAmiSqTBrBa+Z7Jp2QBncubkoP6L6kPjkolWZD8nIrkXzazAgIFvZ84gRhVSu5WS7YGOxcpKlJ18Y7TDuvsnGypij\/0L++kQ24uxecijvMveugQ3zmb5\/ZVTjSqCx\/saYoc5sRzdz8ntkZtI7up\/T0ncj8H\/btS8ZtXJB9RA8eQwmQV17\/A1UjukEW2Bm\/xs5YEI+dEf3s1E9IGWJYWZpVW+TdzH43SmYdmoOSh1C+baGbiys6dkTSPWQYMU3JnSjO+YAtBkBodgATcYsxQ9Q\/jfPmWlHgY9EukhqWvdMbwZsPnL8\/+XMDQlp215EWlsJtuM6xsS\/lrPRxm28e0xYL+EXngF72FI6Da\/g40gZESPFfKoclN\/\/DPHpdLYpOuDXdmz5AumT9LVktokDHqp1RddHQppbow+wnyrbergcXyrfPwPVxS6xgF50nnHhaxZVVG8nrkzxA7qfnSdRlgMid+G3e4LCR\/hwlTX4sCnCs2xnVK2IVxUIw6QSlxKJujx26oCTP\/SjJ8yPeGEkpyRdsuWPSOzqSkD89s4d3B1WuDT3R495DIWddJ\/Buj1iqvet0YImdheb1NSo9L8meKXqKq64EiOS54ycxSvBnT4xoeZWB76iK+lsrxHcjtMwKHHp9oKPpZlmTpaTR1cUZeyxJANYJla3QOfoZw3ZI2uj+g9dfP67LacScHC+nrJ6la7vc5JiuBZeahIPbPJyN7CPUFeA6woLpo32pepnXDa+B4DCD5E30z8jbM9eKJ8opQhiNM7Oq8QudwSBLzCDqcXM1vNwIXpHvmUd2W4P\/CfgLruPubkoNazEZMkBehb8I1a1Q307nQ+lTcLfekCh2gGiQgpHvxHX2FyLEjcUDExE4eG1EFp\/1xS3ndgSWrtJdOiNA2J0a9+Q9RooUOKkakbjfcSoS1wgus9+HYxj8DXCsTNBn5tg8MTML\/8n2rNp4t6awFLTct5KhxUfUUGpS0jCjl8mGEoANJmINDANIWyRK7+o\/Kmt1Ilb8yK+qz1IVgjRu0Uu2sFyESOYwubowm+X5S6gPS6D1aqV\/PnysPzfajCHAJbq4rti3wggJIQaIZO+qE30Vg7tzE5Xk2+JtN49+FNRXgYBLon0HYixDAsdCI6LF+vvQdVxRV4mG14ORX55c7Jsqko1MiAEYwnPKmwedIJ0QoXzz6mcIw8q2E+05IkkPp43I2pooEqGgal+fNuUAe25+9anwsgIVafLQ2fFK296Tqdgr5GN7G2cgJP02yPMrhV9QIa+ylJL6lZpFE\/aLMKowA7DBcpc1jdaCXS+AE88VGfw\/beheiKQ1fbXk32wsmXDYXF\/nWxes25nctud4ESRaKNUcJNZzaaP6VSbCdTZkvAq2fw8MOl94s50kEcLgqSfpK7VLJv1LlGqmGIANGnqrH+z6q34Gr+jTQzHpAjdvAsU3pUl968zGr4ki1dvahRU7NRf3+VmIoELshZZkFgcs5LYkmnqj2TpLphmAAYZqH+mo9vGwaIRQ1PMWChf2HvOtbyVE3lpbksni8P7ffBCAMhHBHQj1otMgUbPFQ74+S6LIplqKUntlVo5ZSwxwEoRwCThttQNPuplbEmcWrcVZ7JeovF1NTn+jZtH5nacDRzCL3aEjH12MxzMZiF72AccciPhhtnFDVhRKPPPsbB5bDHDKkbAUL1Vu0suZYwHZIIsmBlM0QZtsQqnNJi35zB1gilYLY8WsCwvxbmtvnwgfcwYmzcDuzsDuHovfuenjzQLHrqsakX45Kp3eY9f4ZpsBPpUGrBRct3ofRNq1whqrecxZMoEPwWh7ITL2ofs+KHB78bd9skT2dkMJql2ceciteEQWlzdrxRuDguqJEapKR+I6OQJ3nZFY7BEADD\/pCMA1xC38wxlHyOMeQqu2lngRoW3\/4xgDnAQF3rdJ8L4twNn0dWffCoohy85EEIk5SI7j93YsSDt6tmMnnsDf25FjuB0M1M6+Y\/\/PRgUR+gDWPthZfZAEok\/4\/\/GTauGf+Idm\/dBysIl0NWIAC7RiwbaAY5WU4vmV0zGXjjPASXxYtMqxVm0u3sLdgh0xXgDP\/zXpSYFQfgC6HFfUdW5dUV1jgFNxwSteVjCZveSdjp\/sPPzfh0OB0NN3Smo8Elm\/tcj3ituEigkDnIpEONOWNp0xAyafqlc+1m3kE2F8HDvseHoRSl21J4nUxLoQRswZ4FSihzyNR1uvCksGDe\/66OfdUqASYbFD+kbI\/kF247fnJY3UDBo48G\/xTCMfVwbouSihcO6W4xOpokyCZjYpnI2TXmTFMpYICw7itgGPZqx6M8JPm2WZNvchg19PFH9DRAFOBFLxYWB2+9YP2sfTIJhBU9mTr+Eg6PCwISX0UNWx+7UVSjARDg39A5zdzPmCf9p7+NmMukbNWxZnve\/WldQKrNH6JJQEMItUyEe+vPEcWVOGaao8HJJiOMyrzMI2GJlL+sEmEb7S4Xr36dUO173Q1Q7ZPtnP0JyUdOA+H7oWYkE7oJe043tcISl+Z1fG0CK3IAx+P\/62H+PtJ6q0P01O3d\/b\/Rn\/B3+\/YUR1fUNMAAAAAElFTkSuQmCC\" alt=\"\"><\/span> ADDRESS\n                <\/h5>\n                <p class=\"u-align-left u-text u-text-5\"> Terazije 23, Beograd<\/p>\n              <\/div>\n            <\/div>\n            <div class=\"u-container-align-left u-container-style u-list-item u-palette-5-dark-3 u-repeater-item u-list-item-2\">\n              <div class=\"u-container-layout u-similar-container u-valign-middle u-container-layout-3\">\n                <h5 class=\"u-align-left u-text u-text-6\"><span class=\"u-file-icon u-icon u-text-palette-1-base u-icon-2\"><img decoding=\"async\" src=\"data:image\/png;base64,iVBORw0KGgoAAAANSUhEUgAAAIAAAACACAYAAADDPmHLAAAQS0lEQVR4Xu1deXRU1Rm\/980WyCYULFglUWtrSxUhmUmi53gyYUmCLKIG3MWl4ooSEuyxHqW1tTaJoOBSrAvuSlR2EnZPeypkJgHRUrS4ELRChQZIWDKZmff63TdMCDDJvXfmvXlvMnf+Sc5533333u\/3e9\/97vZ9GIlfUmsAJ3XvReeRIECSk0AQQBAgyTWQ5N0XFkAQIMk1kOTdFxZAECDJNZDk3RcWQBAgyTWQ5N0XFkAQIMk1kOTdFxZAECDJNZDk3RcWQBAgyTWQ5N0XFkAQIMk1kOTd79YClM7b6VB8BwswVnIUWclBGOcoCF2AFEVYDTOTBgADgHYCTk1Ywk0AVxN2nLGpbvoFvkjNjghmSY3HCaC\/BgV+Yea+irYxa2AHkOGW+gqX99QSJxHgzgWNtt2H5EcVpPwGBK3MrxeCiaCBAEb4ySGZ0u9fnJbrDze4kwBli7bbW5sP\/w0pKC8ReiPaGKUGMGrIyEq7vHby0A7yhk4ClFY1\/FFG6OEoXyuKJZAGJISeqJuV99tOAoyb43UFgvLHioIsCdQP0dQoNYAxClot0qUryp0eTLx9ub1lq3D4otRm4hbbIaX0H45Lqr2FiiJv5OhHAEaOZ2C2cZijjBDVWQMw3UtDSHmAx3nHWHLj0hrPTFlWanjahzH+h71\/Rumy2y9s4yknZPXRwISXP0\/vaGmtUxTlMp4aJAlX4JKqhrdhgec6noKqLMYfO\/pnlAgScGtO0wIEfF9Laz0s\/FzK+2KYAbwDQ4DnC2DOz3gLhziAN4ElKBYkiEZ7sZc5\/uWvBvwKonkb4PdvXFztkWNZ3iUkwI5+JbDU2BpNI0SZ6DQAznuG4jtQHy34x624gourGmAEiPyDlaMOWBW005oIpmQzTulfLEhA05Q2z1Xw21tWA3D5tDfSMOyZABhVQwU5sD5QRKsIlpQaMjIsxbXTcg9RZYVA1BooW9CY2doaXM2yYgvz\/Q1QEWwIocpuP\/IeLQBGv0u3nPXntsCe5WAJRtJbjT0ZmdIYQQK6pqKRUME\/JK+B6Z6LVh6+\/PXp1sHj24LfPwQEeCxqAtRX5s0um\/Ntn7bgnmUw3oyiVoyxN8VqG7NkxvCDNFnxnF0DV87dekZ7wL8GMHDSSoFfti7dMnhCbfk5x0qqG2bHTABS4dRXv0nZs2\/fMmDfaGoDEG5MsdlGCxLQNMX2XAXf718LVjiXXgKvHTxw4ISFt57bTmQ1I0CYBHv3\/7AUGDWG1hAwQY2WtJQxK++5+ABNVjzvXgNXPP9pv+Dh9jUs4MOYv2bQgDMnhsHXnAAnSLBvCZiiYipwGDVZU\/uMFiSgaiqiAAE\/cOTYWnD4cmhvALO\/etCAgVd2BV8XAnQOB\/v3LYb1gxJqwxDekm5NHV1bPrSFJiuen9BA2Zzt\/dsCR4jZH0HVC8b1gwcMnHQq+LoRgLxY3UX0HSAkKKU1ENi5Nd2SOkqQgKap0HMV\/OCRdWBlh1NLYFwnOfpN6u7Mn6Y+wKmNUQ+Otrd8CAsSYxka+knfPsqoxffl\/Y8qm8QCk55t+NHRY3gdfFiX0NQAC3CrYAHuqu7A19UChBsXOj3c8gE4hlfQGgyLRdv69kEjBQkiayoEPloPY\/4wmi7B4VuJHf2v7gn8uBBANVnkPOGuIx\/AFHEcreGEBHZsGbW8Inc\/VTaJBMbXNA7oUILw5dPBh224FRnZqVeHz\/X1pCZdh4CuFRMStDUfeR\/GrfE03IC9n9qwZaQgQUhTBHy\/ElwPVvRiuu7w8vSs1GtYwI+bBQg3WiXBriO14LlOoHYE4c9winVk3fQR+2iyvfl56bwtA5X2wHrQ2UW0fsLayrL07NQyVvDjToDwcNDWfHgRsHkirUNwoOCfksNalKwkIODLvsAGcPh+RdMVWM2l6Vlpk3nAN4QApFJywaT5UHAR\/HslrWOEBH2RY+TiymE\/UGV7kcCk6m1nHkU+cPjYwB+SYSnreqGDVRVx8wFObRAPCcC0be+DHUXJQgIC\/jHFtwHM\/lAGIJdkZVomRwO+YRYg3Cn1qlmr\/B44hpNoHQUT9y+7rW\/Rsgcv+i9NNpGfT3j6sx93+I9ugCHyl7R+wALa4iEZ0pRowTecAKQBszcq1s2NXkKCq2gdhuc7HPa+7t5KAgK+r+MoOYJPvXQL4H+Yn+ucMtuN4Rh+9D\/DhoCuTSYk2NTofRfGu6sZurLDgnDRqlmuvQyyCSMytsozKIgUckKHCj74RR8U5DqvjRV8U1iAMEIhS+B5B0zfNVTUMP7coiB3byGBCj5GG+EDuJDWdxgK38\/PdV2nBfimIkDncOD1kHsIZVRFIPyFYpPcq2fk7qHJmvl58dzGwdgvbwSH7+e0dsLafm2+03W9VuCbjgBdfIK3wCeYTFUInFu3p1jdy+4f8T1N1ozPJ8zfclZHe2Ajy70LGPMXwZh\/g5bgm5IApFFlixRLW7P3TVDMtTTgyOWFRCQBJ\/jvpmc5b6ydjIM0ffA+N4UTGKnRKgl2ed5gvJa202Z1uFeUX\/IfXgUYIT9uzic\/8Qd8xNu\/gFY\/uZ6Vnu26SQ\/wTWsBwkohJGht9r4OztH1NEXBLuKXNouj0OwkUMEP+j6CXb2f0vuE387Ict6sF\/imJ0DncLDL+xo4STfQFYa+lBwp7rrpw76jyhogUDpv29myrx28fTr4sPr5Vnq28xY9wU8IAnTxCRaCT3AjDTfwCb5ySMi9dKbrW5psPJ9PfMpzjk9GxOE7n1Yv9OFNGPOn6g1+whBAnR0oirS5xgMkQDdRFYjw1w4LKjQLCVTwg+gjsGLnUduO0Rv5Fa6pszGGkEz6\/0zrBEbqOiHBphrPq2BCb6apBkzo1zaH5F7+QO5umqyez8c\/0zjE71Pn+VTwwY95vaDCdWu8wE8oCxAGKWQJvK+AKb2FChxG39jtlkKjSEDA7+gIEofvXFpbwey\/ll\/hvC2e4CckATqHg6e8L0O00qlUxSK0S5JshasqRjTTZLV8PrZmS5Ys+8Hso2zaeyFK58L8mc7b4w1+whIgTIJNNd6XYIp4K1XBQAJks7vrZwzfRZPV4nnJ3K3ZyN8BZp8OPmzsvFpQ4bzDCPATmgCk8aVVnqchfAmJfEX9wSZKM7LaC\/UmgQp+oOMjcFazqI0CAQkiqtXNcj3IIquHTEI5gV0VALGLngE\/YDqfUvBuO3YULq8c9g1fOTbp8dXbzu1QYJEHKUPYSoSkYPyfV1\/pYiIyz3tZZBOSAMXVDfPBsbqPpYOny+DdVht2r5zh\/Dq68pFLXTHXe17Ar8DyLh\/4nW\/D6NnVlXn3a9kmlnclFAHgi4e4hd5n4e89LJ3rVgbjb61WXKgVCVTwAwp4+8o5sbQLLMHzdRXO++Bvt3GZYnl\/pLIJQwACfkmN9zlQ8t1aKAE2Wb7DyFJYNyv3q1jeV1rVeL6CgsTbPzuW95ywBPiF+grnvfEiQUIQIPTle14Ax2oaTckEWFhQgSVXlhVD9J1kRZNWlec10t4b6fnYOQ25cgAtZgEfnNA3YNhyM8ouqKtw3R0PEpieACr41d6\/wEranVSQwLRLiuQmXzWHnxCA8OhVadlpv2O9VEFuOB3edfgxWKudBW2iJs4Im\/ax1U3nyRjiLjMMFbCS+WJdpfMuvUlgagIcB\/9FAP8OFvBPHdd5ponkAgp8pbdFSpvStW41XY6CXmG5sBFy8U927nj8BSDBS0CCO\/UkgWkJcNzs\/xWUfTsVfNT99A5iHc8BszuD\/o6QBCh7L4C7Bf7bgjD5Cz8FQxQOiMSB8Qho1yDmd0nSfBjPT5uq8kwXgZQvw3Dwa71IYEoChDZ9GFf5YIHHhlLcPc3tYc2gGoCrYAVOCzna3J6QwI\/aia9CXzDScbXQdARQN3s41vlZl3jBdP8J9g5Isivdf+CIzq2flVdOq4hnyViv\/QJTEYBvu5d\/k6e4puEuJKP5LI4bDbxIz0mqFRg6ymFVbx5reZ5NIz22i01DAJ4DH6CIqLd5S6ubihQl8D74Bf1YQWKRg6\/+gCRJU1ZVONeyyHeV4ds21vbAiCkIEDoBzHbuT4uDHupXpwT+APPy62GGAbPA6H\/QHhkI+baErY\/EsuXMc3BEy\/OChhOA5+Sv1uf9SqqbIORK4AkF4bHcORHUFKzKKlgGeLi+MufT6Cl0oiTPuUGYkWhyYthQAnBeAPkKOxyFepz4DV3JbocAVjKJX+QGzzyjmzGeJL2ADR9pud2WskKPW8rk5LDi88F2MtPh0ZgvjBhGAPVGsNf7Jsyvp1C\/njif+S97bnuaz9c+qEMOzfntEt7rcKTsrb13aFwyoXHdHUD4vQKn88Zor4wZQgD1JjDjJVDQf0Ld+qGSmVGA8\/ZQ1JdG404AnmvgiXrvjxFjqhjf\/cHoro3HlQA8gSDA0+0V17+pKFMEeK6PRxM4Im4E4IoHJMA\/iRY8JOCNGxQXAvBEBAMW96roH7FagHB5nigiUIY5cpjuBOCJDgoN79VBoGIlA1cQKcaooboSgDM+cFKEgdOCBBxh5Khxg3UjAE+E8GQLBBkrCfgCSfYcOVwXAnAmikjKULBakIA5lGwPiSM0JwBXqhgRETwmHvBEEgfnOmLqGE0JoOYOZE8W9ZlNkopEToCYOBDKJSDLJK4wNZw8kOC05FGaEYCAv3c\/W7o4kRAiNtBPLc2ZUOKk9HGaEICkjm0N7FnKkjVU5AXSFvzw23jyCcGppbUZ1sETNUkdqyaPZswbDCZIZAbTB3\/1rVwZxY7nD44pebQkoSpFxjksmcNFbkAdke\/yap6cgiSDOJaUJllWL7hE\/OEe08cj3AHg22ldg4q2QJ7gUSJFLE1T2jw\/nk94HUtWUcCmRwxxcbUHYjDA6adofyI\/cLSai6kcT17hbisix97gUsUXLMGMI72EZAgXaeJjwjGmwnxp5U+vimzJY7haRcK3X8fbEhjzvSlW25glM4Yf5C0r5LXTgEqCgH8NfMRO3reSgJXkWvZMWVZq+ApjT0amNKZ2Wu4hvnJCWg8NlC1ozGw9JK+BabqL6\/0SfhCGAG+hosCVZsYfuR0Dx6znw5FpAT6jzuIhBphkAib3w4lnC2t9Vgu+DKtr++0tW6EQPZcN65uFnOk1QLK0QSLK4ar3r96Jl5WP4V9qMATT90w0kEUDAYsVFZDIKZ3Tv5Iqz+Mwr3yEpbSQSWwNSBg\/XlfpepT0opMA6rm+1uDf4T5dXmJ3T7S+Jw0A4JuHZFouDyejPGkBKBwbB5aFHuJxJoTKE0IDAZj3PwnZxx\/vGisp4grguDlelz8gLxSOYUIAS28kxEeyYsvUlRU5TacKd7sErB778h0sgNXCHHAQc2CnDzaFIAlSLMvG9KYKiVg1oN5qRjsBK3DwlCYY7xtTh6Ru7i5CWvR7ALE2VJQ3hQYEAUwBg3GNEAQwTvemqFkQwBQwGNcIQQDjdG+KmgUBTAGDcY0QBDBO96aoWRDAFDAY1whBAON0b4qaBQFMAYNxjRAEME73pqhZEMAUMBjXCEEA43RvipoFAUwBg3GNEAQwTvemqFkQwBQwGNcIQQDjdG+KmgUBTAGDcY0QBDBO96ao+f9l\/I2I1M5BJQAAAABJRU5ErkJggg==\" alt=\"\"><\/span>&nbsp;\u200bemail\n                <\/h5>\n                <p class=\"u-align-left u-text u-text-7\"> matfusion.conference@gmail.com<\/p>\n              <\/div>\n            <\/div>\n          <\/div>\n        <\/div>\n      <\/div>\n    <\/section>\n    <section class=\"u-clearfix u-grey-light-2 u-typography-custom-page-typography-12--Map u-section-3\" id=\"sec-bbcf\">\n      <div class=\"u-absolute-hcenter u-expanded u-grey-light-2 u-map u-map-1\">\n        <div class=\"embed-responsive\">\n          <iframe class=\"embed-responsive-item\" src=\"https:\/\/www.google.com\/maps\/embed?pb=!1m18!1m12!1m3!1d2830.389307565527!2d20.45848907664865!3d44.813632976609384!2m3!1f0!2f0!3f0!3m2!1i1024!2i768!4f13.1!3m3!1m2!1s0x475a7aae086eb971%3A0x3ff76af9a453806b!2z0J_RgNC40LLRgNC10LTQvdCw0JrQvtC80L7RgNCwINCh0YDQsdC40ZjQsA!5e0!3m2!1ssr!2srs!4v1711621664227!5m2!1ssr!2srs\" data-map=\"JTdCJTIycG9zaXRpb25UeXBlJTIyJTNBJTIybWFwLWVtYmVkJTIyJTJDJTIyYWRkcmVzcyUyMiUzQSUyMlRlcmF6aWplJTIwMjMlMjIlMkMlMjJ6b29tJTIyJTNBbnVsbCUyQyUyMnR5cGVJZCUyMiUzQSUyMnJvYWQlMjIlMkMlMjJsYW5nJTIyJTNBbnVsbCUyQyUyMmFwaUtleSUyMiUzQW51bGwlMkMlMjJtYXJrZXJzJTIyJTNBJTVCJTVEJTJDJTIyZW1iZWQlMjIlM0ElMjJodHRwcyUzQSUyRiUyRnd3dy5nb29nbGUuY29tJTJGbWFwcyUyRmVtYmVkJTNGcGIlM0QhMW0xOCExbTEyITFtMyExZDI4MzAuMzg5MzA3NTY1NTI3ITJkMjAuNDU4NDg5MDc2NjQ4NjUhM2Q0NC44MTM2MzI5NzY2MDkzODQhMm0zITFmMCEyZjAhM2YwITNtMiExaTEwMjQhMmk3NjghNGYxMy4xITNtMyExbTIhMXMweDQ3NWE3YWFlMDg2ZWI5NzElMjUzQTB4M2ZmNzZhZjlhNDUzODA2YiEyejBKX1JnTkM0MExMUmdOQzEwTFRRdmRDdzBKclF2dEM4MEw3UmdOQ3dJTkNoMFlEUXNkQzQwWmpRc0EhNWUwITNtMiExc3NyITJzcnMhNHYxNzExNjIxNjY0MjI3ITVtMiExc3NyITJzcnMlMjIlN0Q=\"><\/iframe>\n        <\/div>\n      <\/div>\n    <\/section>\n    \n    \n    \n    \n  \n<\/div>","protected":false},"excerpt":{"rendered":"<p>INFORMACIJE Ukoliko imate bilo kakvo pitanje, pohvalu, primedbu ili \u017eelite ne\u0161to da nam predlo\u017eite, bilo da ste firma ili pojedinac, ne oklevajte! Kontaktirajte nas. Pi\u0161ite nam! Name Email Message Submit Hvala! Va\u0161a poruka je prosle\u0111ena! Poruka nije poslata. Popravite gre\u0161ke koje su nastale prilikom unosa: proverite ispravnost mejl adrese i drugo. ADREsa Terazije 23, Beograd&hellip; <a class=\"more-link\" href=\"https:\/\/matfusion.matf.bg.ac.rs\/en\/kontakt\/\">Continue reading <span class=\"screen-reader-text\">CONTACT US<\/span><\/a><\/p>","protected":false},"author":3,"featured_media":0,"parent":0,"menu_order":3,"comment_status":"closed","ping_status":"closed","template":"","meta":{"footnotes":""},"class_list":["post-68","page","type-page","status-publish","hentry","entry"],"_links":{"self":[{"href":"https:\/\/matfusion.matf.bg.ac.rs\/en\/wp-json\/wp\/v2\/pages\/68","targetHints":{"allow":["GET"]}}],"collection":[{"href":"https:\/\/matfusion.matf.bg.ac.rs\/en\/wp-json\/wp\/v2\/pages"}],"about":[{"href":"https:\/\/matfusion.matf.bg.ac.rs\/en\/wp-json\/wp\/v2\/types\/page"}],"author":[{"embeddable":true,"href":"https:\/\/matfusion.matf.bg.ac.rs\/en\/wp-json\/wp\/v2\/users\/3"}],"replies":[{"embeddable":true,"href":"https:\/\/matfusion.matf.bg.ac.rs\/en\/wp-json\/wp\/v2\/comments?post=68"}],"version-history":[{"count":10,"href":"https:\/\/matfusion.matf.bg.ac.rs\/en\/wp-json\/wp\/v2\/pages\/68\/revisions"}],"predecessor-version":[{"id":204,"href":"https:\/\/matfusion.matf.bg.ac.rs\/en\/wp-json\/wp\/v2\/pages\/68\/revisions\/204"}],"wp:attachment":[{"href":"https:\/\/matfusion.matf.bg.ac.rs\/en\/wp-json\/wp\/v2\/media?parent=68"}],"curies":[{"name":"wp","href":"https:\/\/api.w.org\/{rel}","templated":true}]}}